{"id":3198,"date":"2019-11-26T16:37:33","date_gmt":"2019-11-26T16:37:33","guid":{"rendered":"https:\/\/llamadaoculta.com\/about-us\/"},"modified":"2019-11-26T17:05:49","modified_gmt":"2019-11-26T17:05:49","slug":"about-us","status":"publish","type":"page","link":"https:\/\/llamadaoculta.com\/en\/about-us\/","title":{"rendered":"About us"},"content":{"rendered":"<p>We are a group of lovers of technology in general: cell phones, computers, apps, internet TV &#8230;<\/p>\n<p>The difficulty approach we give to our articles ranges from simple texts to help the new comers to Android and IOS world to more advanced tutorials for those who are already veterans.<\/p>\n<p>In our team of editors you can find people very related to the IT World: programmers, system administrators, web designers and advanced users.<\/p>\n<p>In &#8220;Hidden Call&#8221; we reveal all the secrets to make private calls with hidden numbers in addition to many other tricks and tutorials.<\/p>\n<p><img decoding=\"async\" class=\"aligncenter wp-image-52 size-medium\" src=\"https:\/\/llamadaoculta.com\/wp-content\/uploads\/2017\/04\/numero-desconocido-privado-oculto-169x300.png\" alt=\"Numero privado\" width=\"169\" height=\"300\" srcset=\"https:\/\/llamadaoculta.com\/wp-content\/uploads\/2017\/04\/numero-desconocido-privado-oculto-169x300.png 169w, https:\/\/llamadaoculta.com\/wp-content\/uploads\/2017\/04\/numero-desconocido-privado-oculto-768x1365.png 768w, https:\/\/llamadaoculta.com\/wp-content\/uploads\/2017\/04\/numero-desconocido-privado-oculto-576x1024.png 576w, https:\/\/llamadaoculta.com\/wp-content\/uploads\/2017\/04\/numero-desconocido-privado-oculto.png 1080w\" sizes=\"(max-width: 169px) 100vw, 169px\" \/><\/p>\n<p>There are several pages on the internet where you can find the same content, but we wanted to make the best guide out there to call with a hidden number, with step by step instructions, screenshots detailing each step of each of the methods we explain to keep you anonymous in the situations that you decide.<\/p>\n<p>We regularly upload videos to <a target=\"_self\" href=\"https:\/\/www.youtube.com\/channel\/UCHXhp7EzKxeNJY_k1QWBY9A\" target=\"_blank\" rel=\"noopener noreferrer\">our youtube channel<\/a> including instructions to preserve your identity in the different devices that we have access to. If you have any questions or suggestions, do not hesitate to contact us and we will try to help you as soon as possible in all we can.<\/p>\n<p>We would like to ask you that if you like our page, share it on social networks to reach even more people.<\/p>\n","protected":false},"excerpt":{"rendered":"<p>We are a group of lovers of technology in general: cell phones, computers, apps, internet TV &#8230; The difficulty approach we give to our articles ranges from simple texts to help the new comers to Android and IOS world to more advanced tutorials for those who are already veterans. In our team of editors you [&hellip;]<\/p>\n","protected":false},"author":1,"featured_media":0,"parent":0,"menu_order":0,"comment_status":"open","ping_status":"closed","template":"","meta":{"jnews_page_loop":[],"jnews_single_page":[],"jnews_social_meta":[],"footnotes":""},"class_list":["post-3198","page","type-page","status-publish","hentry"],"yoast_head":"<!-- This site is optimized with the Yoast SEO plugin v27.3 - https:\/\/yoast.com\/product\/yoast-seo-wordpress\/ -->\n<title>About us<\/title>\n<meta name=\"robots\" content=\"noindex, follow\" \/>\n<meta property=\"og:locale\" content=\"en_US\" \/>\n<meta property=\"og:type\" content=\"article\" \/>\n<meta property=\"og:title\" content=\"About us\" \/>\n<meta property=\"og:description\" content=\"We are a group of lovers of technology in general: cell phones, computers, apps, internet TV &#8230; The difficulty approach we give to our articles ranges from simple texts to help the new comers to Android and IOS world to more advanced tutorials for those who are already veterans. In our team of editors you [&hellip;]\" \/>\n<meta property=\"og:url\" content=\"https:\/\/llamadaoculta.com\/en\/about-us\/\" \/>\n<meta property=\"og:site_name\" content=\"How to call private\" \/>\n<meta property=\"article:publisher\" content=\"https:\/\/www.facebook.com\/comollamarconnumerooculto\" \/>\n<meta property=\"article:modified_time\" content=\"2019-11-26T17:05:49+00:00\" \/>\n<meta property=\"og:image\" content=\"https:\/\/llamadaoculta.com\/wp-content\/uploads\/2017\/04\/numero-desconocido-privado-oculto-169x300.png\" \/>\n<script type=\"application\/ld+json\" class=\"yoast-schema-graph\">{\"@context\":\"https:\\\/\\\/schema.org\",\"@graph\":[{\"@type\":\"Article\",\"@id\":\"https:\\\/\\\/llamadaoculta.com\\\/en\\\/about-us\\\/#article\",\"isPartOf\":{\"@id\":\"https:\\\/\\\/llamadaoculta.com\\\/en\\\/about-us\\\/\"},\"author\":{\"name\":\"Jota S.\",\"@id\":\"https:\\\/\\\/llamadaoculta.com\\\/en\\\/#\\\/schema\\\/person\\\/b57c92484a7cf97381ea5ebe547c4fe4\"},\"headline\":\"About us\",\"datePublished\":\"2019-11-26T16:37:33+00:00\",\"dateModified\":\"2019-11-26T17:05:49+00:00\",\"mainEntityOfPage\":{\"@id\":\"https:\\\/\\\/llamadaoculta.com\\\/en\\\/about-us\\\/\"},\"wordCount\":225,\"commentCount\":0,\"publisher\":{\"@id\":\"https:\\\/\\\/llamadaoculta.com\\\/en\\\/#organization\"},\"image\":{\"@id\":\"https:\\\/\\\/llamadaoculta.com\\\/en\\\/about-us\\\/#primaryimage\"},\"thumbnailUrl\":\"https:\\\/\\\/llamadaoculta.com\\\/wp-content\\\/uploads\\\/2017\\\/04\\\/numero-desconocido-privado-oculto-169x300.png\",\"inLanguage\":\"en-US\",\"potentialAction\":[{\"@type\":\"CommentAction\",\"name\":\"Comment\",\"target\":[\"https:\\\/\\\/llamadaoculta.com\\\/en\\\/about-us\\\/#respond\"]}]},{\"@type\":\"WebPage\",\"@id\":\"https:\\\/\\\/llamadaoculta.com\\\/en\\\/about-us\\\/\",\"url\":\"https:\\\/\\\/llamadaoculta.com\\\/en\\\/about-us\\\/\",\"name\":\"About us\",\"isPartOf\":{\"@id\":\"https:\\\/\\\/llamadaoculta.com\\\/en\\\/#website\"},\"primaryImageOfPage\":{\"@id\":\"https:\\\/\\\/llamadaoculta.com\\\/en\\\/about-us\\\/#primaryimage\"},\"image\":{\"@id\":\"https:\\\/\\\/llamadaoculta.com\\\/en\\\/about-us\\\/#primaryimage\"},\"thumbnailUrl\":\"https:\\\/\\\/llamadaoculta.com\\\/wp-content\\\/uploads\\\/2017\\\/04\\\/numero-desconocido-privado-oculto-169x300.png\",\"datePublished\":\"2019-11-26T16:37:33+00:00\",\"dateModified\":\"2019-11-26T17:05:49+00:00\",\"breadcrumb\":{\"@id\":\"https:\\\/\\\/llamadaoculta.com\\\/en\\\/about-us\\\/#breadcrumb\"},\"inLanguage\":\"en-US\",\"potentialAction\":[{\"@type\":\"ReadAction\",\"target\":[\"https:\\\/\\\/llamadaoculta.com\\\/en\\\/about-us\\\/\"]}]},{\"@type\":\"ImageObject\",\"inLanguage\":\"en-US\",\"@id\":\"https:\\\/\\\/llamadaoculta.com\\\/en\\\/about-us\\\/#primaryimage\",\"url\":\"https:\\\/\\\/llamadaoculta.com\\\/wp-content\\\/uploads\\\/2017\\\/04\\\/numero-desconocido-privado-oculto-169x300.png\",\"contentUrl\":\"https:\\\/\\\/llamadaoculta.com\\\/wp-content\\\/uploads\\\/2017\\\/04\\\/numero-desconocido-privado-oculto-169x300.png\"},{\"@type\":\"BreadcrumbList\",\"@id\":\"https:\\\/\\\/llamadaoculta.com\\\/en\\\/about-us\\\/#breadcrumb\",\"itemListElement\":[{\"@type\":\"ListItem\",\"position\":1,\"name\":\"Home\",\"item\":\"https:\\\/\\\/llamadaoculta.com\\\/en\\\/\"},{\"@type\":\"ListItem\",\"position\":2,\"name\":\"About us\"}]},{\"@type\":\"WebSite\",\"@id\":\"https:\\\/\\\/llamadaoculta.com\\\/en\\\/#website\",\"url\":\"https:\\\/\\\/llamadaoculta.com\\\/en\\\/\",\"name\":\"LlamadaOculta.com\",\"description\":\"Hide your caller ID\",\"publisher\":{\"@id\":\"https:\\\/\\\/llamadaoculta.com\\\/en\\\/#organization\"},\"potentialAction\":[{\"@type\":\"SearchAction\",\"target\":{\"@type\":\"EntryPoint\",\"urlTemplate\":\"https:\\\/\\\/llamadaoculta.com\\\/en\\\/?s={search_term_string}\"},\"query-input\":{\"@type\":\"PropertyValueSpecification\",\"valueRequired\":true,\"valueName\":\"search_term_string\"}}],\"inLanguage\":\"en-US\"},{\"@type\":\"Organization\",\"@id\":\"https:\\\/\\\/llamadaoculta.com\\\/en\\\/#organization\",\"name\":\"Llamada Oculta\",\"url\":\"https:\\\/\\\/llamadaoculta.com\\\/en\\\/\",\"logo\":{\"@type\":\"ImageObject\",\"inLanguage\":\"en-US\",\"@id\":\"https:\\\/\\\/llamadaoculta.com\\\/en\\\/#\\\/schema\\\/logo\\\/image\\\/\",\"url\":\"https:\\\/\\\/llamadaoculta.com\\\/wp-content\\\/uploads\\\/2023\\\/01\\\/logo-llamadaoculta.com2x.jpg\",\"contentUrl\":\"https:\\\/\\\/llamadaoculta.com\\\/wp-content\\\/uploads\\\/2023\\\/01\\\/logo-llamadaoculta.com2x.jpg\",\"width\":462,\"height\":112,\"caption\":\"Llamada Oculta\"},\"image\":{\"@id\":\"https:\\\/\\\/llamadaoculta.com\\\/en\\\/#\\\/schema\\\/logo\\\/image\\\/\"},\"sameAs\":[\"https:\\\/\\\/www.facebook.com\\\/comollamarconnumerooculto\",\"https:\\\/\\\/x.com\\\/llamadao\",\"https:\\\/\\\/www.youtube.com\\\/channel\\\/UCHXhp7EzKxeNJY_k1QWBY9A\"]},{\"@type\":\"Person\",\"@id\":\"https:\\\/\\\/llamadaoculta.com\\\/en\\\/#\\\/schema\\\/person\\\/b57c92484a7cf97381ea5ebe547c4fe4\",\"name\":\"Jota S.\",\"description\":\"Apasionado escritor en el mundo de la tecnolog\u00eda. Con un grado en administraci\u00f3n de sistemas y una curiosidad insaciable por las \u00faltimas tendencias tecnol\u00f3gicas.\",\"sameAs\":[\"https:\\\/\\\/llamadaoculta.com\"],\"url\":\"https:\\\/\\\/llamadaoculta.com\\\/en\\\/author\\\/admin\\\/\"}]}<\/script>\n<!-- \/ Yoast SEO plugin. -->","yoast_head_json":{"title":"About us","robots":{"index":"noindex","follow":"follow"},"og_locale":"en_US","og_type":"article","og_title":"About us","og_description":"We are a group of lovers of technology in general: cell phones, computers, apps, internet TV &#8230; The difficulty approach we give to our articles ranges from simple texts to help the new comers to Android and IOS world to more advanced tutorials for those who are already veterans. In our team of editors you [&hellip;]","og_url":"https:\/\/llamadaoculta.com\/en\/about-us\/","og_site_name":"How to call private","article_publisher":"https:\/\/www.facebook.com\/comollamarconnumerooculto","article_modified_time":"2019-11-26T17:05:49+00:00","og_image":[{"url":"https:\/\/llamadaoculta.com\/wp-content\/uploads\/2017\/04\/numero-desconocido-privado-oculto-169x300.png","type":"","width":"","height":""}],"schema":{"@context":"https:\/\/schema.org","@graph":[{"@type":"Article","@id":"https:\/\/llamadaoculta.com\/en\/about-us\/#article","isPartOf":{"@id":"https:\/\/llamadaoculta.com\/en\/about-us\/"},"author":{"name":"Jota S.","@id":"https:\/\/llamadaoculta.com\/en\/#\/schema\/person\/b57c92484a7cf97381ea5ebe547c4fe4"},"headline":"About us","datePublished":"2019-11-26T16:37:33+00:00","dateModified":"2019-11-26T17:05:49+00:00","mainEntityOfPage":{"@id":"https:\/\/llamadaoculta.com\/en\/about-us\/"},"wordCount":225,"commentCount":0,"publisher":{"@id":"https:\/\/llamadaoculta.com\/en\/#organization"},"image":{"@id":"https:\/\/llamadaoculta.com\/en\/about-us\/#primaryimage"},"thumbnailUrl":"https:\/\/llamadaoculta.com\/wp-content\/uploads\/2017\/04\/numero-desconocido-privado-oculto-169x300.png","inLanguage":"en-US","potentialAction":[{"@type":"CommentAction","name":"Comment","target":["https:\/\/llamadaoculta.com\/en\/about-us\/#respond"]}]},{"@type":"WebPage","@id":"https:\/\/llamadaoculta.com\/en\/about-us\/","url":"https:\/\/llamadaoculta.com\/en\/about-us\/","name":"About us","isPartOf":{"@id":"https:\/\/llamadaoculta.com\/en\/#website"},"primaryImageOfPage":{"@id":"https:\/\/llamadaoculta.com\/en\/about-us\/#primaryimage"},"image":{"@id":"https:\/\/llamadaoculta.com\/en\/about-us\/#primaryimage"},"thumbnailUrl":"https:\/\/llamadaoculta.com\/wp-content\/uploads\/2017\/04\/numero-desconocido-privado-oculto-169x300.png","datePublished":"2019-11-26T16:37:33+00:00","dateModified":"2019-11-26T17:05:49+00:00","breadcrumb":{"@id":"https:\/\/llamadaoculta.com\/en\/about-us\/#breadcrumb"},"inLanguage":"en-US","potentialAction":[{"@type":"ReadAction","target":["https:\/\/llamadaoculta.com\/en\/about-us\/"]}]},{"@type":"ImageObject","inLanguage":"en-US","@id":"https:\/\/llamadaoculta.com\/en\/about-us\/#primaryimage","url":"https:\/\/llamadaoculta.com\/wp-content\/uploads\/2017\/04\/numero-desconocido-privado-oculto-169x300.png","contentUrl":"https:\/\/llamadaoculta.com\/wp-content\/uploads\/2017\/04\/numero-desconocido-privado-oculto-169x300.png"},{"@type":"BreadcrumbList","@id":"https:\/\/llamadaoculta.com\/en\/about-us\/#breadcrumb","itemListElement":[{"@type":"ListItem","position":1,"name":"Home","item":"https:\/\/llamadaoculta.com\/en\/"},{"@type":"ListItem","position":2,"name":"About us"}]},{"@type":"WebSite","@id":"https:\/\/llamadaoculta.com\/en\/#website","url":"https:\/\/llamadaoculta.com\/en\/","name":"LlamadaOculta.com","description":"Hide your caller ID","publisher":{"@id":"https:\/\/llamadaoculta.com\/en\/#organization"},"potentialAction":[{"@type":"SearchAction","target":{"@type":"EntryPoint","urlTemplate":"https:\/\/llamadaoculta.com\/en\/?s={search_term_string}"},"query-input":{"@type":"PropertyValueSpecification","valueRequired":true,"valueName":"search_term_string"}}],"inLanguage":"en-US"},{"@type":"Organization","@id":"https:\/\/llamadaoculta.com\/en\/#organization","name":"Llamada Oculta","url":"https:\/\/llamadaoculta.com\/en\/","logo":{"@type":"ImageObject","inLanguage":"en-US","@id":"https:\/\/llamadaoculta.com\/en\/#\/schema\/logo\/image\/","url":"https:\/\/llamadaoculta.com\/wp-content\/uploads\/2023\/01\/logo-llamadaoculta.com2x.jpg","contentUrl":"https:\/\/llamadaoculta.com\/wp-content\/uploads\/2023\/01\/logo-llamadaoculta.com2x.jpg","width":462,"height":112,"caption":"Llamada Oculta"},"image":{"@id":"https:\/\/llamadaoculta.com\/en\/#\/schema\/logo\/image\/"},"sameAs":["https:\/\/www.facebook.com\/comollamarconnumerooculto","https:\/\/x.com\/llamadao","https:\/\/www.youtube.com\/channel\/UCHXhp7EzKxeNJY_k1QWBY9A"]},{"@type":"Person","@id":"https:\/\/llamadaoculta.com\/en\/#\/schema\/person\/b57c92484a7cf97381ea5ebe547c4fe4","name":"Jota S.","description":"Apasionado escritor en el mundo de la tecnolog\u00eda. Con un grado en administraci\u00f3n de sistemas y una curiosidad insaciable por las \u00faltimas tendencias tecnol\u00f3gicas.","sameAs":["https:\/\/llamadaoculta.com"],"url":"https:\/\/llamadaoculta.com\/en\/author\/admin\/"}]}},"_links":{"self":[{"href":"https:\/\/llamadaoculta.com\/en\/wp-json\/wp\/v2\/pages\/3198","targetHints":{"allow":["GET"]}}],"collection":[{"href":"https:\/\/llamadaoculta.com\/en\/wp-json\/wp\/v2\/pages"}],"about":[{"href":"https:\/\/llamadaoculta.com\/en\/wp-json\/wp\/v2\/types\/page"}],"author":[{"embeddable":true,"href":"https:\/\/llamadaoculta.com\/en\/wp-json\/wp\/v2\/users\/1"}],"replies":[{"embeddable":true,"href":"https:\/\/llamadaoculta.com\/en\/wp-json\/wp\/v2\/comments?post=3198"}],"version-history":[{"count":0,"href":"https:\/\/llamadaoculta.com\/en\/wp-json\/wp\/v2\/pages\/3198\/revisions"}],"wp:attachment":[{"href":"https:\/\/llamadaoculta.com\/en\/wp-json\/wp\/v2\/media?parent=3198"}],"curies":[{"name":"wp","href":"https:\/\/api.w.org\/{rel}","templated":true}]}}